{"id":41,"date":"2022-02-22T22:32:20","date_gmt":"2022-02-22T22:32:20","guid":{"rendered":"https:\/\/agro.aero\/?page_id=41"},"modified":"2022-02-23T10:26:51","modified_gmt":"2022-02-23T10:26:51","slug":"lennuki-varjualune","status":"publish","type":"page","link":"https:\/\/agro.aero\/index.php\/lennuki-varjualune\/","title":{"rendered":"Lennuki varjualune"},"content":{"rendered":"\n<div class=\"wp-container-1 wp-block-buttons\">\n<div class=\"wp-block-button\"><a class=\"wp-block-button__link\" href=\"https:\/\/agro.aero\/\">ESILEHELE<\/a><\/div>\n<\/div>\n\n\n\n<p>Koigi lennuv\u00e4lja lennuki varjualuse projekt sai teostatud &#8220;Investeeringud majandustegevuse mitmekesistamiseks maapiirkonnas mittep\u00f5llumajandusliku tegevuse suunas&#8221; raames. Projekti eesm\u00e4rk on v\u00f5imaldada parkida ja teostada hooldust \u00f5hus\u00f5idukitele pakkudes varju ilmastiku tingimust eest. Varjualune v\u00f5imaldab parkida \u00f5hus\u00f5idukeid mille tiivaulatus on kuni 24m ja k\u00f5rgus kuni 5m. Hetkel saab \u00f5hus\u00f5idukit evarjualust kasutada eraldi kokkuleppe alusel.<\/p>\n\n\n\n<div class=\"wp-block-columns\">\n<div class=\"wp-block-column\">\n<figure class=\"wp-block-image size-large\"><img loading=\"lazy\" width=\"822\" height=\"1024\" src=\"https:\/\/agro.aero\/wp-content\/uploads\/2022\/02\/traktor1-1-822x1024.jpg\" alt=\"\" class=\"wp-image-50\" srcset=\"https:\/\/agro.aero\/wp-content\/uploads\/2022\/02\/traktor1-1-822x1024.jpg 822w, https:\/\/agro.aero\/wp-content\/uploads\/2022\/02\/traktor1-1-241x300.jpg 241w, https:\/\/agro.aero\/wp-content\/uploads\/2022\/02\/traktor1-1-768x957.jpg 768w, https:\/\/agro.aero\/wp-content\/uploads\/2022\/02\/traktor1-1-1233x1536.jpg 1233w, https:\/\/agro.aero\/wp-content\/uploads\/2022\/02\/traktor1-1.jpg 1440w\" sizes=\"(max-width: 822px) 100vw, 822px\" \/><\/figure>\n<\/div>\n\n\n\n<div class=\"wp-block-column\">\n<figure class=\"wp-block-image size-large\"><img loading=\"lazy\" width=\"822\" height=\"1024\" src=\"https:\/\/agro.aero\/wp-content\/uploads\/2022\/02\/valmis2-1-822x1024.jpg\" alt=\"\" class=\"wp-image-51\" srcset=\"https:\/\/agro.aero\/wp-content\/uploads\/2022\/02\/valmis2-1-822x1024.jpg 822w, https:\/\/agro.aero\/wp-content\/uploads\/2022\/02\/valmis2-1-241x300.jpg 241w, https:\/\/agro.aero\/wp-content\/uploads\/2022\/02\/valmis2-1-768x957.jpg 768w, https:\/\/agro.aero\/wp-content\/uploads\/2022\/02\/valmis2-1-1233x1536.jpg 1233w, https:\/\/agro.aero\/wp-content\/uploads\/2022\/02\/valmis2-1.jpg 1440w\" sizes=\"(max-width: 822px) 100vw, 822px\" \/><\/figure>\n<\/div>\n<\/div>\n\n\n\n<div class=\"wp-block-image\"><figure class=\"aligncenter size-full is-resized\"><img loading=\"lazy\" src=\"https:\/\/agro.aero\/wp-content\/uploads\/2022\/02\/MAK-2014-2020-logo-EL-embleemiga-horisontaalne.jpg\" alt=\"\" class=\"wp-image-59\" width=\"525\" height=\"249\" srcset=\"https:\/\/agro.aero\/wp-content\/uploads\/2022\/02\/MAK-2014-2020-logo-EL-embleemiga-horisontaalne.jpg 493w, https:\/\/agro.aero\/wp-content\/uploads\/2022\/02\/MAK-2014-2020-logo-EL-embleemiga-horisontaalne-300x142.jpg 300w\" sizes=\"(max-width: 525px) 100vw, 525px\" \/><\/figure><\/div>\n\n\n\n<p><\/p>\n","protected":false},"excerpt":{"rendered":"<p>Koigi lennuv\u00e4lja lennuki varjualuse projekt sai teostatud &#8220;Investeeringud majandustegevuse mitmekesistamiseks maapiirkonnas mittep\u00f5llumajandusliku tegevuse suunas&#8221; raames. Projekti eesm\u00e4rk on v\u00f5imaldada parkida ja teostada hooldust \u00f5hus\u00f5idukitele pakkudes varju ilmastiku tingimust eest. Varjualune v\u00f5imaldab parkida \u00f5hus\u00f5idukeid mille tiivaulatus on kuni 24m ja k\u00f5rgus kuni 5m. Hetkel saab \u00f5hus\u00f5idukit evarjualust kasutada eraldi kokkuleppe alusel.<\/p>\n","protected":false},"author":1,"featured_media":0,"parent":0,"menu_order":0,"comment_status":"closed","ping_status":"closed","template":"","meta":[],"_links":{"self":[{"href":"https:\/\/agro.aero\/index.php\/wp-json\/wp\/v2\/pages\/41"}],"collection":[{"href":"https:\/\/agro.aero\/index.php\/wp-json\/wp\/v2\/pages"}],"about":[{"href":"https:\/\/agro.aero\/index.php\/wp-json\/wp\/v2\/types\/page"}],"author":[{"embeddable":true,"href":"https:\/\/agro.aero\/index.php\/wp-json\/wp\/v2\/users\/1"}],"replies":[{"embeddable":true,"href":"https:\/\/agro.aero\/index.php\/wp-json\/wp\/v2\/comments?post=41"}],"version-history":[{"count":7,"href":"https:\/\/agro.aero\/index.php\/wp-json\/wp\/v2\/pages\/41\/revisions"}],"predecessor-version":[{"id":60,"href":"https:\/\/agro.aero\/index.php\/wp-json\/wp\/v2\/pages\/41\/revisions\/60"}],"wp:attachment":[{"href":"https:\/\/agro.aero\/index.php\/wp-json\/wp\/v2\/media?parent=41"}],"curies":[{"name":"wp","href":"https:\/\/api.w.org\/{rel}","templated":true}]}}