{"id":5,"date":"2020-10-02T08:17:37","date_gmt":"2020-10-02T08:17:37","guid":{"rendered":"http:\/\/agro.aero\/?page_id=5"},"modified":"2022-02-22T22:51:26","modified_gmt":"2022-02-22T22:51:26","slug":"broneerimine","status":"publish","type":"page","link":"https:\/\/agro.aero\/","title":{"rendered":"Koigi lennuv\u00e4li"},"content":{"rendered":"\n<p>K\u00e4esolev lehek\u00fclg on loodud KOIGI lennuv\u00e4lja \u00f5huruumi ja rajatiste broneerimiseks<\/p>\n\n\n\n<div class=\"wp-container-1 wp-block-buttons\">\n<div class=\"wp-block-button\"><a class=\"wp-block-button__link\" href=\"https:\/\/agro.aero\/index.php\/lennuki-varjualune\/\">Lennuki varjualune<\/a><\/div>\n\n\n\n<div class=\"wp-block-button\"><a class=\"wp-block-button__link\">\u00d5huruum<\/a><\/div>\n<\/div>\n\n\n\n<div class=\"wp-block-booking-booking\"> <div id=\"form_id311070570125\" class=\"wpdevelop\"><form  id=\"booking_form1\"   class=\"booking_form vertical\" method=\"post\" action=\"\"><div id=\"ajax_respond_insert1\" class=\"ajax_respond_insert\" style=\"display:none;\"><\/div><a name=\"bklnk1\" id=\"bklnk1\"><\/a><div id=\"booking_form_div1\" class=\"booking_form_div\"><div class=\"wpbc_booking_form_structure wpbc_vertical\">\n  <div class=\"wpbc_structure_calendar\">\n    <div class=\"bk_calendar_frame months_num_in_row_ cal_month_num_1 wpbc_timeslot_day_bg_as_available\" style=\"width:284px;\"><div id=\"calendar_booking1\">Calendar is loading...<\/div><\/div><div style=\"font-size:9px;text-align:left;margin-top:3px;\">Powered by <a style=\"font-size:9px;\" href=\"https:\/\/wpbookingcalendar.com\" target=\"_blank\" title=\"Booking Calendar plugin for WordPress\">Booking Calendar<\/a><\/div><textarea id=\"date_booking1\" name=\"date_booking1\" autocomplete=\"off\" style=\"display:none;\"><\/textarea>\n  <\/div>\n  <div class=\"wpbc_structure_form\">\n  <div class=\"form-group\">  <label for=\"name1\" class=\"control-label\">Eesnimi*:<\/label>   <div class=\"controls\">   <input type=\"text\" name=\"name1\" id=\"name1\" class=\"input-xlarge wpdev-validates-as-required\" \/><\/div><\/div>  <div class=\"form-group\">  <label for=\"secondname1\" class=\"control-label\">Perekonnanimi*:<\/label>   <div class=\"controls\">   <input type=\"text\" name=\"secondname1\" id=\"secondname1\" class=\"input-xlarge wpdev-validates-as-required\" \/><\/div><\/div>  <div class=\"form-group\">  <label for=\"asutus1\" class=\"control-label\">Asutus*:<\/label>   <div class=\"controls\">   <input type=\"text\" name=\"asutus1\" id=\"asutus1\" class=\"input-xlarge wpdev-validates-as-required\" \/><\/div><\/div>  <div class=\"form-group\">  <label for=\"email1\" class=\"control-label\">E-post*:<\/label>   <div class=\"controls\">   <input type=\"text\" name=\"email1\" id=\"email1\" class=\"input-xlarge wpdev-validates-as-email wpdev-validates-as-required wpdev-validates-as-required\" \/><\/div><\/div>  <div class=\"form-group\">  <label for=\"phone1\" class=\"control-label\">Telefoni number*:<\/label>   <div class=\"controls\">   <input type=\"text\" name=\"phone1\" id=\"phone1\" class=\"input-xlarge wpdev-validates-as-required\" \/><\/div><\/div>  <div class=\"form-group\">  <label for=\"tegevus1\" class=\"control-label\">Tegevus*:<\/label>   <div class=\"controls\">   <select name=\"tegevus1\" id=\"tegevus1\" class=\"input-xlarge wpdev-validates-as-required\" >  <option value=\"Langevarjuh\u00fcpped\">Langevarjuh\u00fcpped<\/option>  <option value=\"Vintsitavad paraplaanid\">Vintsitavad paraplaanid<\/option>  <option value=\"Vabalennu paraplaanid\">Vabalennu paraplaanid<\/option>  <option value=\"UAV\">UAV<\/option>  <option value=\"Mudelistid\">Mudelistid<\/option>  <option value=\"Lennutegevus lennukitega\">Lennutegevus lennukitega<\/option>  <option value=\"Lennutegevus kopteritega\">Lennutegevus kopteritega<\/option>  <option value=\"Lennutegevus kuuma\u00f5hupallidega\">Lennutegevus kuuma\u00f5hupallidega<\/option>     <\/select><\/div><\/div>  <div class=\"form-group\">  <label for=\"rangetime1\" class=\"control-label\">Planeeritud tegevuse aeg*:<\/label>   <div class=\"controls\">   <select name=\"rangetime1\" id=\"rangetime1\" class=\"input-xlarge wpdev-validates-as-required\" >  <option value=\"00:00 - 23:59\">24 h<\/option>  <option value=\"08:00 - 17:00\">T\u00f6\u00f6p\u00e4ev 8 h (08:00 kuni 17:00)<\/option>  <option value=\"00:00 - 01:00\">00:00 kuni 01:00<\/option>  <option value=\"01:00 - 02:00\">01:00 kuni 02:00<\/option>  <option value=\"02:00 - 03:00\">02:00 kuni 03:00<\/option>  <option value=\"03:00 - 04:00\">03:00 kuni 04:00<\/option>  <option value=\"04:00 - 05:00\">04:00 kuni 05:00<\/option>  <option value=\"05:00 - 06:00\">05:00 kuni 06:00<\/option>  <option value=\"06:00 - 07:00\">06:00 kuni 07:00<\/option>  <option value=\"07:00 - 08:00\">07:00 kuni 08:00<\/option>  <option value=\"08:00 - 09:00\">08:00 kuni 09:00<\/option>  <option value=\"09:00 - 10:00\">09:00 kuni 10:00<\/option>  <option value=\"10:00 - 11:00\">10:00 kuni 11:00<\/option>  <option value=\"11:00 - 12:00\">11:00 kuni 12:00<\/option>  <option value=\"12:00 - 13:00\">12:00 kuni 13:00<\/option>  <option value=\"13:00 - 14:00\">13:00 kuni 14:00<\/option>  <option value=\"14:00 - 15:00\">14:00 kuni 15:00<\/option>  <option value=\"15:00 - 16:00\">15:00 kuni 16:00<\/option>  <option value=\"16:00 - 17:00\">16:00 kuni 17:00<\/option>  <option value=\"17:00 - 18:00\">17:00 kuni 18:00<\/option>  <option value=\"18:00 - 19:00\">18:00 kuni 19:00<\/option>  <option value=\"19:00 - 20:00\">19:00 kuni 20:00<\/option>  <option value=\"20:00 - 21:00\">20:00 kuni 21:00<\/option>  <option value=\"21:00 - 22:00\">21:00 kuni 22:00<\/option>  <option value=\"22:00 - 23:00\">22:00 kuni 23:00<\/option>  <option value=\"23:00 - 23:59\">23:00 kuni 00:00<\/option>     <\/select><\/div><\/div>  <div class=\"form-group\">  <label for=\"huruumikrgus1\" class=\"control-label\">\u00d5huruumi k\u00f5rgus*:<\/label>   <div class=\"controls\">   <input type=\"text\" name=\"huruumikrgus1\" id=\"huruumikrgus1\" class=\"input-xlarge wpdev-validates-as-required\" \/><\/div><\/div>  <div class=\"form-group\">  <label for=\"lisainformatsioon1\" class=\"control-label\">Lisa informatsioon:<\/label>   <div class=\"controls\">   <input type=\"text\" name=\"lisainformatsioon1\" id=\"lisainformatsioon1\" class=\"input-xlarge\" \/><\/div><\/div><div class=\"form-group\"><input  autocomplete=\"off\" type=\"hidden\" name=\"wpdev_captcha_challenge_1\"  id=\"wpdev_captcha_challenge_1\" value=\"75616116\" \/><input  autocomplete=\"off\" type=\"text\" class=\"captachinput\" value=\"\" name=\"captcha_input1\" id=\"captcha_input1\" \/><img class=\"captcha_img\"  id=\"captcha_img1\" alt=\"captcha\" src=\"https:\/\/agro.aero\/wp-content\/plugins\/booking\/js\/captcha\/tmp\/75616116.png\" \/><span id=\"captcha_msg1\" class=\"wpdev-help-message\" ><\/span><\/div>\n<div class=\"form-group\"><button class=\"btn btn-default\" type=\"button\" onclick=\"mybooking_submit(this.form,1,'en_US');\" >Send<\/button><\/div>\n  <\/div>\n<\/div>\n<div class=\"wpbc_booking_form_footer\"><\/div><input id=\"bk_type1\" name=\"bk_type1\" class=\"\" type=\"hidden\" value=\"1\" \/><\/div><div id=\"submiting1\"><\/div><div class=\"form_bk_messages\" id=\"form_bk_messages1\" ><\/div><input type=\"hidden\" id=\"wpbc_nonce1\" name=\"wpbc_nonce1\" value=\"b8a97c9954\" \/><input type=\"hidden\" name=\"_wp_http_referer\" value=\"\/index.php\/wp-json\/wp\/v2\/pages\/5\" \/><input type=\"hidden\" id=\"wpbc_nonceCALCULATE_THE_COST1\" name=\"wpbc_nonceCALCULATE_THE_COST1\" value=\"a66f957a2c\" \/><input type=\"hidden\" name=\"_wp_http_referer\" value=\"\/index.php\/wp-json\/wp\/v2\/pages\/5\" \/><\/form><\/div><div id=\"booking_form_garbage1\" class=\"booking_form_garbage\"><\/div><script type=\"text\/javascript\">\n                                jQuery(document).ready( function(){\n                                    jQuery(\".widget_wpdev_booking .booking_form.form-horizontal\").removeClass(\"form-horizontal\");\n                                    var visible_booking_id_on_page_num = visible_booking_id_on_page.length;\n                                    if (visible_booking_id_on_page_num !== null ) {\n                                        for (var i=0;i< visible_booking_id_on_page_num ;i++){\n                                          if ( visible_booking_id_on_page[i]==\"booking_form_div1\" ) {\n                                              document.getElementById(\"form_id311070570125\").innerHTML = \"<span style='color:#A00;font-size:10px;'>Warning! Booking calendar for this booking resource are already at the page, please check more about this issue at this page: https:\/\/wpbookingcalendar.com\/faq\/why-the-booking-calendar-widget-not-show-on-page\/<\/span>\";                                                                                                  \n                                              jQuery(\"#form_id311070570125\").animate( {opacity: 1}, 10000 ).fadeOut(5000);\n                                              return;\n                                          }\n                                        }\n                                        visible_booking_id_on_page[ visible_booking_id_on_page_num ]=\"booking_form_div1\";\n                                    }\n                                });\n                            <\/script> <script type='text\/javascript'>  jQuery(document).ready( function(){  date_admin_blank[1] = [];  date2approve[1] = [];  var date_approved_par = [];  init_datepick_cal('1', date_approved_par, 1 , 1, [2020,10]   );  }); <\/script><\/div>\n\n\n\n<div class=\"wp-block-image\"><figure class=\"alignright size-large\"><img loading=\"lazy\" width=\"992\" height=\"916\" src=\"https:\/\/agro.aero\/wp-content\/uploads\/2020\/10\/EEKL-ohuruum.jpg\" alt=\"\" class=\"wp-image-17\" srcset=\"https:\/\/agro.aero\/wp-content\/uploads\/2020\/10\/EEKL-ohuruum.jpg 992w, https:\/\/agro.aero\/wp-content\/uploads\/2020\/10\/EEKL-ohuruum-300x277.jpg 300w, https:\/\/agro.aero\/wp-content\/uploads\/2020\/10\/EEKL-ohuruum-768x709.jpg 768w\" sizes=\"(max-width: 992px) 100vw, 992px\" \/><\/figure><\/div>\n","protected":false},"excerpt":{"rendered":"<p>K\u00e4esolev lehek\u00fclg on loodud KOIGI lennuv\u00e4lja \u00f5huruumi ja rajatiste broneerimiseks<\/p>\n","protected":false},"author":1,"featured_media":0,"parent":0,"menu_order":0,"comment_status":"closed","ping_status":"closed","template":"templates\/template-cover.php","meta":[],"_links":{"self":[{"href":"https:\/\/agro.aero\/index.php\/wp-json\/wp\/v2\/pages\/5"}],"collection":[{"href":"https:\/\/agro.aero\/index.php\/wp-json\/wp\/v2\/pages"}],"about":[{"href":"https:\/\/agro.aero\/index.php\/wp-json\/wp\/v2\/types\/page"}],"author":[{"embeddable":true,"href":"https:\/\/agro.aero\/index.php\/wp-json\/wp\/v2\/users\/1"}],"replies":[{"embeddable":true,"href":"https:\/\/agro.aero\/index.php\/wp-json\/wp\/v2\/comments?post=5"}],"version-history":[{"count":12,"href":"https:\/\/agro.aero\/index.php\/wp-json\/wp\/v2\/pages\/5\/revisions"}],"predecessor-version":[{"id":58,"href":"https:\/\/agro.aero\/index.php\/wp-json\/wp\/v2\/pages\/5\/revisions\/58"}],"wp:attachment":[{"href":"https:\/\/agro.aero\/index.php\/wp-json\/wp\/v2\/media?parent=5"}],"curies":[{"name":"wp","href":"https:\/\/api.w.org\/{rel}","templated":true}]}}